{"id":1519,"date":"2023-10-16T11:02:18","date_gmt":"2023-10-16T09:02:18","guid":{"rendered":"https:\/\/joanacoach.com\/legal-notice\/"},"modified":"2025-09-26T09:59:09","modified_gmt":"2025-09-26T07:59:09","slug":"mentions-legales","status":"publish","type":"page","link":"https:\/\/joanacoach.com\/fr\/mentions-legales\/","title":{"rendered":"Mentions l\u00e9gales"},"content":{"rendered":"\n\t<section class=\"section\" id=\"section_823333976\">\n\t\t<div class=\"section-bg fill\" >\n\t\t\t<img decoding=\"async\" src=\"https:\/\/joanacoach.com\/wp-content\/uploads\/animated_wave_flipped_horizontal_corrected.svg\" class=\"bg attachment-original size-original\" alt=\"Animated Wave Flipped Horizontal Corrected\" \/>\t\t\t\t\t\t\n\t\t\t\n\n\t\t<\/div>\n\n\t\t\n\t<div class=\"ux-shape-divider ux-shape-divider--bottom ux-shape-divider--style-tilt\">\n\t\t<svg viewBox=\"0 0 1000 100\" xmlns=\"http:\/\/www.w3.org\/2000\/svg\" preserveAspectRatio=\"none\">\n\t<path class=\"ux-shape-fill\" d=\"M1000 100V0L-40 100H1000Z\"\/>\n<\/svg>\n\t<\/div>\n\n\t\t<div class=\"section-content relative\">\n\t\t\t\n<div class=\"row\"  id=\"row-221834997\">\n\n\t<div id=\"col-378415807\" class=\"col medium-6 small-12 large-6\"  >\n\t\t\t\t<div class=\"col-inner\"  >\n\t\t\t\n\t\t\t\n<p style=\"margin-top: 50px;\"><span><span><a href=\"https:\/\/joanacoach.com\/fr\/\">Joana Videgain Coaching<\/a><\/span><\/span>\n\t\t<\/div>\n\t\t\t\t\t<\/div>\n\n\t\n\n\t<div id=\"col-391547871\" class=\"col medium-6 small-12 large-6\"  data-animate=\"fadeInRight\">\n\t\t\t\t<div class=\"col-inner\"  >\n\t\t\t\n\t\t\t\n\t<div id=\"text-3042129527\" class=\"text\">\n\t\t\n<h1 style=\"margin-top: 40px;\">Mentions l\u00e9gales<\/h1>\n\t\t\n<style>\n#text-3042129527 {\n  text-align: right;\n}\n<\/style>\n\t<\/div>\n\t\n\t\t<\/div>\n\t\t\t\t\t<\/div>\n\n\t\n<\/div>\n\t\t<\/div>\n\n\t\t\n<style>\n#section_823333976 {\n  padding-top: 30px;\n  padding-bottom: 30px;\n  min-height: 600px;\n  background-color: rgb(255,255,255);\n}\n#section_823333976 .ux-shape-divider--bottom svg {\n  height: 100px;\n  --divider-width: 100%;\n}\n@media (min-width:550px) {\n  #section_823333976 {\n    min-height: 400px;\n  }\n}\n<\/style>\n\t<\/section>\n\t\n<div class=\"row\"  id=\"row-559203436\">\n\n\t<div id=\"col-1686691380\" class=\"col small-12 large-12\"  >\n\t\t\t\t<div class=\"col-inner\"  >\n\t\t\t\n\t\t\t\n<p>1.- Ce site Web appartient \u00e0 Joana Videgain Luzar<\/p>\n<ul>\n<li>Si\u00e8ge social : C\/ Ega\u00f1a 11, 48010 Bilbao (Bizkaia)<\/li>\n<li>Adresse e-mail : joana@joanavidegain.com<\/li>\n<\/ul>\n<p>2.- L&rsquo;utilisation de ce site Web conf\u00e8re la condition d&rsquo;Utilisateur \u00e0 quiconque l&rsquo;utilise et implique l&rsquo;acceptation de toutes les conditions incluses dans cette Mention L\u00e9gale. L&rsquo;Utilisateur doit lire ces conditions chaque fois qu&rsquo;il acc\u00e8de \u00e0 ce site Web, car elles peuvent \u00eatre modifi\u00e9es \u00e0 l&rsquo;avenir. Certains aspects de ce site Web, en raison de leur sp\u00e9cialit\u00e9, peuvent \u00eatre soumis \u00e0 des conditions ou r\u00e8gles particuli\u00e8res qui peuvent remplacer, compl\u00e9ter ou modifier cette Mention L\u00e9gale et doivent \u00e9galement \u00eatre accept\u00e9es par l&rsquo;Utilisateur qui les utilise ou y acc\u00e8de.<\/p>\n<p>3.- Tous les contenus de ce site Web (textes, photographies, graphiques, images, technologie, logiciels, liens, contenus audiovisuels ou sonores, conception graphique, code source, etc.), ainsi que les marques et autres signes distinctifs, appartiennent \u00e0 Joana Videgain Luzar ou \u00e0 des tiers, et l&rsquo;Utilisateur n&rsquo;acquiert aucun droit sur eux par la simple utilisation de ce site Web.<\/p>\n<p>L&rsquo;Utilisateur doit s&rsquo;abstenir de : a) reproduire, copier, distribuer, mettre \u00e0 la disposition de tiers, communiquer publiquement, transformer ou modifier les contenus de ce site Web, sauf dans les cas pr\u00e9vus par la loi ou express\u00e9ment autoris\u00e9s par Joana Videgain Luzar ou par le titulaire de ces droits ; b) reproduire ou copier pour un usage priv\u00e9 tout logiciel, images, vid\u00e9os ou bases de donn\u00e9es existants sur ce site Web, ainsi que de les communiquer publiquement ou de les mettre \u00e0 la disposition de tiers lorsque cela implique leur reproduction ; c) extraire ou r\u00e9utiliser les contenus de ce site Web.<\/p>\n<p>4.- L&rsquo;Utilisateur qui souhaite introduire des liens vers ce site Web depuis ses propres pages Web est tenu de respecter les conditions suivantes : a) le lien ne pourra conduire qu&rsquo;\u00e0 la page d&rsquo;accueil et ne pourra en aucun cas la reproduire ; b) il ne pourra pas \u00e9tablir de cadres ou d&rsquo;encadrements de quelque type que ce soit entourant le site Web ou permettant de le visualiser \u00e0 travers des adresses Internet diff\u00e9rentes ou conjointement avec des contenus \u00e9trangers \u00e0 ce site Web, de mani\u00e8re \u00e0 produire, ou pouvant produire, une erreur ou une confusion chez les Utilisateurs quant \u00e0 l&rsquo;origine du service ou de son contenu, impliquant un acte de comparaison ou d&rsquo;imitation d\u00e9loyale, servant \u00e0 tirer profit de la r\u00e9putation, de la marque et du prestige de Joana Videgain Luzar ou \u00e9tant effectu\u00e9 de toute autre mani\u00e8re interdite par la loi ; c) il ne pourra \u00eatre fait aucune d\u00e9claration fausse ou inexacte sur Joana Videgain Luzar ou sur la qualit\u00e9 de ses produits et services depuis la page qui \u00e9tablit le lien ; d) l&rsquo;\u00e9metteur ne pourra pas utiliser la marque ou tout autre signe distinctif de Joana Videgain Luzar sur sa page Web, sauf dans les cas autoris\u00e9s par la loi ou express\u00e9ment permis par Joana Videgain Luzar ; e) la page qui \u00e9tablit le lien devra respecter la l\u00e9gislation en vigueur et ne pourra disposer ou \u00e9tablir des liens vers des contenus illicites, nuisibles, contraires \u00e0 la morale et aux bonnes m\u0153urs, qui cr\u00e9ent ou peuvent cr\u00e9er l&rsquo;id\u00e9e fausse que Joana Videgain Luzar soutient ou approuve les id\u00e9es, d\u00e9clarations ou actions de l&rsquo;\u00e9metteur, ou qui sont inappropri\u00e9s par rapport \u00e0 l&rsquo;activit\u00e9 d\u00e9velopp\u00e9e par Joana Videgain Luzar, compte tenu du contenu et du th\u00e8me g\u00e9n\u00e9ral de la page Web o\u00f9 le lien est \u00e9tabli.<\/p>\n<p>5.- Joana Videgain Luzar n&rsquo;est pas responsable du contr\u00f4le de l&rsquo;absence de programmes malveillants ou de tout autre \u00e9l\u00e9ment informatique dommageable sur ce site Web. Il appartient \u00e0 l&rsquo;Utilisateur de disposer d&rsquo;outils ad\u00e9quats pour la d\u00e9tection et la d\u00e9sinfection de ces \u00e9l\u00e9ments. Par cons\u00e9quent, Joana Videgain Luzar ne saurait \u00eatre tenue responsable des dommages caus\u00e9s aux \u00e9quipements informatiques lors de l&rsquo;acc\u00e8s au pr\u00e9sent site Web. De m\u00eame, Joana Videgain Luzar ne sera pas responsable des dommages caus\u00e9s aux Utilisateurs lorsque ces dommages proviennent de pannes ou de d\u00e9connexions des r\u00e9seaux de t\u00e9l\u00e9communications interrompant le service de ce site Web.<\/p>\n<p>6.- Ce site Web peut inclure des liens permettant \u00e0 l&rsquo;Utilisateur d&rsquo;acc\u00e9der \u00e0 d&rsquo;autres pages Internet. Dans ces cas, Joana Videgain Luzar ne sera responsable des contenus et services fournis par ces liens que dans la mesure o\u00f9 elle en a connaissance de leur caract\u00e8re illicite et qu&rsquo;elle ne les a pas d\u00e9sactiv\u00e9s avec diligence. Si un Utilisateur consid\u00e8re qu&rsquo;il existe un lien avec des contenus illicites ou inappropri\u00e9s, il peut le signaler \u00e0 Joana Videgain Luzar, sans que cela implique une obligation de retirer le lien correspondant. Joana Videgain Luzar ne conna\u00eet pas toujours les contenus et services des liens et n&rsquo;est donc pas responsable des dommages r\u00e9sultant de leur manque de qualit\u00e9, de leur obsolescence, de leur indisponibilit\u00e9, d&rsquo;erreurs, d&rsquo;inutilit\u00e9 ou d&rsquo;ill\u00e9galit\u00e9, et n&rsquo;est pas responsable des d\u00e9clarations faites ou des contenus ou services fournis \u00e0 travers eux, sauf si elle est directement responsable de la prestation de ces services.<\/p>\n<p>7.- L&rsquo;Utilisateur s&rsquo;engage \u00e0 faire un usage correct de ce site Web conform\u00e9ment \u00e0 la loi, \u00e0 cette Mention L\u00e9gale et aux autres conditions, r\u00e8glements et instructions applicables. L&rsquo;Utilisateur sera responsable vis-\u00e0-vis de Joana Videgain Luzar et de tiers pour tout dommage ou pr\u00e9judice pouvant \u00eatre caus\u00e9 en raison du non-respect de ces obligations.<\/p>\n<p>8.- Cette Mention L\u00e9gale est enti\u00e8rement r\u00e9gie par la l\u00e9gislation espagnole. Pour la r\u00e9solution de tout conflit relatif \u00e0 l&rsquo;interpr\u00e9tation ou \u00e0 l&rsquo;application de cette Mention L\u00e9gale, l&rsquo;Utilisateur se soumet express\u00e9ment \u00e0 la juridiction des tribunaux o\u00f9 Joana Videgain Luzar a son domicile.<\/p>\n\t\t<\/div>\n\t\t\t\t\n<style>\n#col-1686691380 > .col-inner {\n  padding: 20px 0px 40px 0px;\n}\n@media (min-width:550px) {\n  #col-1686691380 > .col-inner {\n    padding: 40px 0px 40px 0px;\n  }\n}\n<\/style>\n\t<\/div>\n\n\t\n<\/div>\n","protected":false},"excerpt":{"rendered":"","protected":false},"author":1,"featured_media":0,"parent":0,"menu_order":0,"comment_status":"closed","ping_status":"closed","template":"page-blank.php","meta":{"footnotes":""},"class_list":["post-1519","page","type-page","status-publish","hentry"],"_links":{"self":[{"href":"https:\/\/joanacoach.com\/fr\/wp-json\/wp\/v2\/pages\/1519","targetHints":{"allow":["GET"]}}],"collection":[{"href":"https:\/\/joanacoach.com\/fr\/wp-json\/wp\/v2\/pages"}],"about":[{"href":"https:\/\/joanacoach.com\/fr\/wp-json\/wp\/v2\/types\/page"}],"author":[{"embeddable":true,"href":"https:\/\/joanacoach.com\/fr\/wp-json\/wp\/v2\/users\/1"}],"replies":[{"embeddable":true,"href":"https:\/\/joanacoach.com\/fr\/wp-json\/wp\/v2\/comments?post=1519"}],"version-history":[{"count":3,"href":"https:\/\/joanacoach.com\/fr\/wp-json\/wp\/v2\/pages\/1519\/revisions"}],"predecessor-version":[{"id":1520,"href":"https:\/\/joanacoach.com\/fr\/wp-json\/wp\/v2\/pages\/1519\/revisions\/1520"}],"wp:attachment":[{"href":"https:\/\/joanacoach.com\/fr\/wp-json\/wp\/v2\/media?parent=1519"}],"curies":[{"name":"wp","href":"https:\/\/api.w.org\/{rel}","templated":true}]}}