{"id":1491,"date":"2024-08-09T10:03:52","date_gmt":"2024-08-09T08:03:52","guid":{"rendered":"https:\/\/joanacoach.com\/consulting\/"},"modified":"2025-03-02T13:25:08","modified_gmt":"2025-03-02T12:25:08","slug":"consulting","status":"publish","type":"page","link":"https:\/\/joanacoach.com\/fr\/consulting\/","title":{"rendered":"Consulting"},"content":{"rendered":"\n\t<section class=\"section\" id=\"section_377308573\">\n\t\t<div class=\"section-bg fill\" >\n\t\t\t\t\t\t\t\t\t\n\t\t\t\n\n\t\t<\/div>\n\n\t\t\n\n\t\t<div class=\"section-content relative\">\n\t\t\t\n<div class=\"row row-large align-equal\"  id=\"row-862312725\">\n\n\t<div id=\"col-63841567\" class=\"col medium-6 small-12 large-6\"  >\n\t\t\t\t<div class=\"col-inner\"  >\n\t\t\t\n\t\t\t\n<span><span><a href=\"https:\/\/joanacoach.com\/fr\/\">Joana Videgain Coaching<\/a><\/span><\/span>\n\t\t<\/div>\n\t\t\t\t\t<\/div>\n\n\t\n<\/div>\n\t\t<\/div>\n\n\t\t\n<style>\n#section_377308573 {\n  padding-top: 50px;\n  padding-bottom: 50px;\n}\n<\/style>\n\t<\/section>\n\t\n\n\t<section class=\"section\" id=\"section_427898076\">\n\t\t<div class=\"section-bg fill\" >\n\t\t\t\t\t\t\t\t\t\n\t\t\t\n\n\t\t<\/div>\n\n\t\t\n\n\t\t<div class=\"section-content relative\">\n\t\t\t\n<div class=\"row align-middle\"  id=\"row-1024752171\">\n\n\t<div id=\"col-1070653745\" class=\"col medium-12 small-12 large-5\"  data-animate=\"bounceInLeft\">\n\t\t\t\t<div class=\"col-inner\"  >\n\t\t\t\n\t\t\t\n<h1>Consulting<\/h1>\n\t<div id=\"text-409872235\" class=\"text\">\n\t\t\n<h2>It\u2019s all about people!<\/h2>\n<h2>La confiance transforme tout !<\/h2>\n\t\t\n<style>\n#text-409872235 {\n  color: #ff66c4;\n}\n#text-409872235 > * {\n  color: #ff66c4;\n}\n<\/style>\n\t<\/div>\n\t\n<p>Formations, ateliers et programmes sur mesure pour cr\u00e9er des \u00e9quipes de travail soud\u00e9es et maximiser l\u2019engagement des collaborateurs, des leaders et des d\u00e9partements RH. <\/p>\n<ul>\n<a data-animate=\"fadeInDown\" href=\"https:\/\/joanacoach.com\/fr\/contact\/\" target=\"_blank\" class=\"button primary is-outline\" rel=\"noopener\" style=\"border-radius:4px;\">\n\t\t<span>Contacte-moi<\/span>\n\t<\/a>\n\n\t\t<\/div>\n\t\t\t\t\n<style>\n#col-1070653745 > .col-inner {\n  padding: 20px 0px 0px 0px;\n}\n<\/style>\n\t<\/div>\n\n\t\n\n\t<div id=\"col-742083628\" class=\"col medium-12 small-12 large-7\"  >\n\t\t\t\t<div class=\"col-inner\"  >\n\t\t\t\n\t\t\t\n\t<div class=\"img has-hover x md-x lg-x y md-y lg-y\" id=\"image_401500521\">\n\t\t\t\t\t\t\t\t<div class=\"img-inner dark\" >\n\t\t\t<img loading=\"lazy\" decoding=\"async\" width=\"1\" height=\"1\" src=\"https:\/\/joanacoach.com\/wp-content\/uploads\/consultoria.svg\" class=\"attachment-large size-large\" alt=\"Consultoria\" \/>\t\t\t\t\t\t\n\t\t\t\t\t<\/div>\n\t\t\t\t\t\t\t\t\n<style>\n#image_401500521 {\n  width: 100%;\n}\n<\/style>\n\t<\/div>\n\t\n\t\t<\/div>\n\t\t\t\t\n<style>\n#col-742083628 > .col-inner {\n  padding: 20px 0px 0px 0px;\n}\n<\/style>\n\t<\/div>\n\n\t\n<\/div>\n\t\t<\/div>\n\n\t\t\n<style>\n#section_427898076 {\n  padding-top: 0px;\n  padding-bottom: 0px;\n  background-color: rgb(255,255,255);\n}\n<\/style>\n\t<\/section>\n\t\n\n\t<section class=\"section\" id=\"section_1183480149\">\n\t\t<div class=\"section-bg fill\" >\n\t\t\t\t\t\t\t\t\t\n\t\t\t\n\n\t\t<\/div>\n\n\t\t\t<div class=\"ux-shape-divider ux-shape-divider--top ux-shape-divider--style-curve-opacity\">\n\t\t<svg viewBox=\"0 0 1000 100\" xmlns=\"http:\/\/www.w3.org\/2000\/svg\" preserveAspectRatio=\"none\">\n\t\t<path class=\"ux-shape-fill\" opacity=\"0.15\" d=\"M0 14C0 14 88.64 17.48 300 50C560 90 814 77 1003 40L1015 68L1018 104H0V14Z\"\/>\n\t\t<path class=\"ux-shape-fill\" opacity=\"0.3\" d=\"M0 45C0 45 271 90.13 500 77C657 68 830 30 1015 14V100H0V45Z\"\/>\n\t\t<path class=\"ux-shape-fill\" d=\"M0 58C0 58 188.29 90 508 90C798 90 1002 55 1002 55V100H0V58Z\"\/>\n<\/svg>\n\t<\/div>\n\n\n\t\t<div class=\"section-content relative\">\n\t\t\t\n<div class=\"row align-center\"  id=\"row-197005634\">\n\n\t<div id=\"col-616712495\" class=\"col medium-9 small-12 large-9\"  data-animate=\"bounceInLeft\">\n\t\t\t\t<div class=\"col-inner\"  >\n\t\t\t\n\t\t\t\n\t<div id=\"text-1665315208\" class=\"text\">\n\t\t\n<h3>D\u00e9veloppement du Talent Humain pour une Performance Exceptionnelle<\/h3>\n<p>Dans un environnement comp\u00e9titif, <strong>le succ\u00e8s commence par ton \u00e9quipe<\/strong>. Imagine une organisation o\u00f9 les employ\u00e9s sont hautement engag\u00e9s, connect\u00e9s et motiv\u00e9s pour donner le meilleur d\u2019eux-m\u00eames chaque jour. <strong>Mes services de consulting en d\u00e9veloppement du talent humain<\/strong> sont con\u00e7us pour faire exactement cela. <\/p>\n<h3>Pourquoi le D\u00e9veloppement du Talent est-il essentiel pour ton entreprise ?<\/h3>\n<p>Le succ\u00e8s de toute organisation d\u00e9pend de son atout le plus pr\u00e9cieux : <strong>les personnes<\/strong>. En d\u00e9veloppant le potentiel de ton \u00e9quipe, tu obtiens : <\/p>\n<ul>\n<li><strong>Productivit\u00e9 accrue<\/strong> : Des employ\u00e9s engag\u00e9s sont plus performants.<\/li>\n<li><strong>Meilleure r\u00e9tention des talents<\/strong> : Attirer et conserver les meilleurs professionnels.<\/li>\n<li><strong>Climat organisationnel positif<\/strong> : \u00c9quipes collaboratives et motiv\u00e9es, heureuses de travailler.<\/li>\n<li><strong>Leadership efficace<\/strong> : D\u00e9velopper des leaders avec les comp\u00e9tences pour guider avec succ\u00e8s.<\/li>\n<\/ul>\n\t\t\n<style>\n#text-1665315208 {\n  color: rgb(255,255,255);\n}\n#text-1665315208 > * {\n  color: rgb(255,255,255);\n}\n<\/style>\n\t<\/div>\n\t\n\t\t<\/div>\n\t\t\t\t\t<\/div>\n\n\t\n\n<style>\n#row-197005634 > .col > .col-inner {\n  padding: 100px 0px 0px 0px;\n}\n<\/style>\n<\/div>\n\t\t<\/div>\n\n\t\t\n<style>\n#section_1183480149 {\n  padding-top: 0px;\n  padding-bottom: 0px;\n  background-color: #17b5b0;\n}\n#section_1183480149 .ux-shape-divider--top svg {\n  height: 75px;\n  --divider-top-width: 100%;\n}\n<\/style>\n\t<\/section>\n\t\n\n\t<section class=\"section\" id=\"section_265284035\">\n\t\t<div class=\"section-bg fill\" >\n\t\t\t\t\t\t\t\t\t\n\t\t\t\n\n\t\t<\/div>\n\n\t\t\n\n\t\t<div class=\"section-content relative\">\n\t\t\t\n<div class=\"row row-small align-equal row-box-shadow-3-hover\"  id=\"row-139208848\">\n\n\t<div id=\"col-1261393115\" class=\"col medium-4 small-12 large-4\"  >\n\t\t\t\t<div class=\"col-inner\" style=\"background-color:rgb(255,255,255);\" >\n\t\t\t\n\t<div class=\"is-border\"\n\t\tstyle=\"border-color:rgb(23, 181, 176);border-radius:7px;border-width:2px 2px 2px 2px;\">\n\t<\/div>\n\t\t\t\n\n\t<a class=\"plain\" href=\"#mentoria\" >\t<div class=\"icon-box featured-box icon-box-center text-center\"  >\n\t\t\t\t<div class=\"icon-box-text last-reset\">\n\t\t\t\t\t\t\t\t\t\n\t<div id=\"text-921006263\" class=\"text\">\n\t\t\n<h2>Mentorat<\/h2>\n\t\t\n<style>\n#text-921006263 {\n  font-size: 1rem;\n}\n@media (min-width:850px) {\n  #text-921006263 {\n    font-size: 1.25rem;\n  }\n}\n<\/style>\n\t<\/div>\n\t\n\t<div id=\"gap-1552152855\" class=\"gap-element clearfix\" style=\"display:block; height:auto;\">\n\t\t\n<style>\n#gap-1552152855 {\n  padding-top: 10px;\n}\n<\/style>\n\t<\/div>\n\t\n<a data-animate=\"fadeInDown\" href=\"#mentoria\" class=\"button primary is-outline is-small\" >\n\t\t<span>En savoir plus<\/span>\n\t<i class=\"icon-angle-right\" aria-hidden=\"true\"><\/i><\/a>\n\n\t\t<\/div>\n\t<\/div>\n\t<\/a>\n\t\n\t\t<\/div>\n\t\t\t\t\n<style>\n#col-1261393115 > .col-inner {\n  border-radius: 25px;\n}\n<\/style>\n\t<\/div>\n\n\t\n\n\t<div id=\"col-1045561280\" class=\"col medium-4 small-12 large-4\"  >\n\t\t\t\t<div class=\"col-inner\" style=\"background-color:rgb(255,255,255);\" >\n\t\t\t\n\t<div class=\"is-border\"\n\t\tstyle=\"border-color:rgb(23, 181, 176);border-radius:7px;border-width:2px 2px 2px 2px;\">\n\t<\/div>\n\t\t\t\n\n\t<a class=\"plain\" href=\"#formation\" >\t<div class=\"icon-box featured-box icon-box-center text-center\"  >\n\t\t\t\t<div class=\"icon-box-text last-reset\">\n\t\t\t\t\t\t\t\t\t\n\t<div id=\"text-2388242035\" class=\"text\">\n\t\t\n<h2>Formation Leadership avec Sens<\/h2>\n\t\t\n<style>\n#text-2388242035 {\n  font-size: 1rem;\n}\n@media (min-width:850px) {\n  #text-2388242035 {\n    font-size: 1.25rem;\n  }\n}\n<\/style>\n\t<\/div>\n\t\n\t<div id=\"gap-1883296864\" class=\"gap-element clearfix\" style=\"display:block; height:auto;\">\n\t\t\n<style>\n#gap-1883296864 {\n  padding-top: 10px;\n}\n<\/style>\n\t<\/div>\n\t\n<a data-animate=\"fadeInDown\" href=\"#formation\" class=\"button primary is-outline is-small\" >\n\t\t<span>En savoir plus<\/span>\n\t<i class=\"icon-angle-right\" aria-hidden=\"true\"><\/i><\/a>\n\n\t\t<\/div>\n\t<\/div>\n\t<\/a>\n\t\n\t\t<\/div>\n\t\t\t\t\n<style>\n#col-1045561280 > .col-inner {\n  border-radius: 25px;\n}\n<\/style>\n\t<\/div>\n\n\t\n\n\t<div id=\"col-778040078\" class=\"col medium-4 small-12 large-4\"  >\n\t\t\t\t<div class=\"col-inner\" style=\"background-color:rgb(255,255,255);\" >\n\t\t\t\n\t<div class=\"is-border\"\n\t\tstyle=\"border-color:rgb(23, 181, 176);border-radius:7px;border-width:2px 2px 2px 2px;\">\n\t<\/div>\n\t\t\t\n\n\t<a class=\"plain\" href=\"#entreprises\" >\t<div class=\"icon-box featured-box icon-box-center text-center\"  >\n\t\t\t\t<div class=\"icon-box-text last-reset\">\n\t\t\t\t\t\t\t\t\t\n\t<div id=\"text-162588393\" class=\"text\">\n\t\t\n<h2>Programmes sur mesure<\/h2>\n\t\t\n<style>\n#text-162588393 {\n  font-size: 1rem;\n}\n@media (min-width:850px) {\n  #text-162588393 {\n    font-size: 1.25rem;\n  }\n}\n<\/style>\n\t<\/div>\n\t\n\t<div id=\"gap-1043321978\" class=\"gap-element clearfix\" style=\"display:block; height:auto;\">\n\t\t\n<style>\n#gap-1043321978 {\n  padding-top: 10px;\n}\n<\/style>\n\t<\/div>\n\t\n<a data-animate=\"fadeInDown\" href=\"#entreprises\" class=\"button primary is-outline is-small\" >\n\t\t<span>En savoir plus<\/span>\n\t<i class=\"icon-angle-right\" aria-hidden=\"true\"><\/i><\/a>\n\n\t\t<\/div>\n\t<\/div>\n\t<\/a>\n\t\n\t\t<\/div>\n\t\t\t\t\n<style>\n#col-778040078 > .col-inner {\n  border-radius: 25px;\n}\n<\/style>\n\t<\/div>\n\n\t\n\n<style>\n#row-139208848 > .col > .col-inner {\n  padding: 30px 20px 30px 20px;\n  border-radius: 5px;\n}\n@media (min-width:850px) {\n  #row-139208848 > .col > .col-inner {\n    padding: 70px 40px 70px 40px;\n  }\n}\n<\/style>\n<\/div>\n\t\t<\/div>\n\n\t\t\n<style>\n#section_265284035 {\n  padding-top: 40px;\n  padding-bottom: 40px;\n}\n@media (min-width:550px) {\n  #section_265284035 {\n    padding-top: 70px;\n    padding-bottom: 70px;\n  }\n}\n<\/style>\n\t<\/section>\n\t\n<span class=\"scroll-to\" data-label=\"Scroll to: #mentoria\" data-bullet=\"false\" data-link=\"#mentoria\" data-title=\"mentoria\"><a name=\"mentoria\"><\/a><\/span>\n\n\t<section class=\"section\" id=\"section_466861924\">\n\t\t<div class=\"section-bg fill\" >\n\t\t\t\t\t\t\t\t\t\n\t\t\t\n\n\t\t<\/div>\n\n\t\t\n\n\t\t<div class=\"section-content relative\">\n\t\t\t\n<div class=\"row\"  id=\"row-648583322\">\n\n\t<div id=\"col-1533652914\" class=\"col small-12 large-12\"  >\n\t\t\t\t<div class=\"col-inner\"  >\n\t\t\t\n\t\t\t\n\t<div id=\"text-2649022488\" class=\"text\">\n\t\t\n<h3 style=\"font-size:300%;\">Mentorat<\/h3>\n\t\t\n<style>\n#text-2649022488 {\n  color: #ff66c4;\n}\n#text-2649022488 > * {\n  color: #ff66c4;\n}\n<\/style>\n\t<\/div>\n\t\n<p>Je propose une vari\u00e9t\u00e9 de services de mentorat pour accompagner le d\u00e9veloppement personnel et professionnel, aussi bien individuellement qu&rsquo;en groupe.<\/p>\n<p>Dans mes programmes de mentorat collectif, je cr\u00e9e un environnement collaboratif o\u00f9 les participants partagent leurs connaissances, exp\u00e9riences et apprentissages. J&rsquo;anime des activit\u00e9s qui stimulent le d\u00e9veloppement du groupe, <strong>en favorisant la collaboration et le soutien mutuel<\/strong>. Ce mentorat est id\u00e9al pour les \u00e9quipes ou les professionnels qui souhaitent \u00e9voluer ensemble et d\u00e9velopper des comp\u00e9tences en leadership, en communication et en gestion.  <\/p>\n\t\t<\/div>\n\t\t\t\t\t<\/div>\n\n\t\n<\/div>\n\t\t<\/div>\n\n\t\t\n<style>\n#section_466861924 {\n  padding-top: 40px;\n  padding-bottom: 40px;\n}\n@media (min-width:550px) {\n  #section_466861924 {\n    padding-top: 70px;\n    padding-bottom: 70px;\n  }\n}\n<\/style>\n\t<\/section>\n\t\n<span class=\"scroll-to\" data-label=\"Scroll to: #formacion\" data-bullet=\"false\" data-link=\"#formacion\" data-title=\"formacion\"><a name=\"formacion\"><\/a><\/span>\n\n\t<section class=\"section\" id=\"section_639263450\">\n\t\t<div class=\"section-bg fill\" >\n\t\t\t\t\t\t\t\t\t\n\t\t\t\n\n\t\t<\/div>\n\n\t\t\n\n\t\t<div class=\"section-content relative\">\n\t\t\t\n<div class=\"row\"  id=\"row-475035230\">\n\n\t<div id=\"col-134367692\" class=\"col small-12 large-12\"  >\n\t\t\t\t<div class=\"col-inner\"  >\n\t\t\t\n\t\t\t\n\t<div id=\"text-191124585\" class=\"text\">\n\t\t\n<h3 style=\"font-size:300%;\">Formation<\/h3>\n\t\t\n<style>\n#text-191124585 {\n  color: #ff66c4;\n}\n#text-191124585 > * {\n  color: #ff66c4;\n}\n<\/style>\n\t<\/div>\n\t\n\t\t<\/div>\n\t\t\t\t\t<\/div>\n\n\t\n\n\t<div id=\"col-244330136\" class=\"col medium-6 small-12 large-6\"  >\n\t\t\t\t<div class=\"col-inner\"  >\n\t\t\t\n\t\t\t\n<h3>Ateliers de D\u00e9veloppement Personnel et Professionnel<\/h3>\n<p>Je con\u00e7ois des ateliers interactifs et pratiques o\u00f9 les participants peuvent <strong>d\u00e9velopper des comp\u00e9tences cl\u00e9s<\/strong> pour leur \u00e9volution. Les th\u00e8mes incluent l\u2019intelligence \u00e9motionnelle, le leadership efficace, la gestion des conflits et l\u2019am\u00e9lioration continue. Ces ateliers sont adapt\u00e9s aux groupes et aux individus, selon les besoins sp\u00e9cifiques de chaque participant ou \u00e9quipe.  <\/p>\n<h3>Programmes de mentorat dans les \u00e9quipes de haute performance<\/h3>\n<p>J&rsquo;aide \u00e0 b\u00e2tir des \u00e9quipes plus coh\u00e9sives et efficaces gr\u00e2ce \u00e0 des techniques avanc\u00e9es de <strong>team building<\/strong> et de mentorat de groupe. Mes programmes sont con\u00e7us pour instaurer la confiance, am\u00e9liorer la communication et renforcer les relations interpersonnelles au sein de votre \u00e9quipe, ce qui se traduit par une productivit\u00e9 accrue et un environnement de travail positif. <\/p>\n\t\t<\/div>\n\t\t\t\t\t<\/div>\n\n\t\n\n\t<div id=\"col-136012008\" class=\"col medium-6 small-12 large-6\"  >\n\t\t\t\t<div class=\"col-inner\"  >\n\t\t\t\n\t\t\t\n<h3>Comment \u00e7a fonctionne ?<\/h3>\n<ol>\n<li><strong>\u00c9valuation Initiale<\/strong> : Nous travaillons d\u2019abord \u00e0 identifier tes besoins et objectifs sp\u00e9cifiques (personnels ou ceux de ton \u00e9quipe ) pour d\u00e9velopper une strat\u00e9gie de Formation sur mesure.<\/li>\n<li><strong>Mise en \u0153uvre<\/strong> : Je m\u00e8ne des sessions de mentorat personnalis\u00e9es, individuelles ou en groupe, avec un suivi continu pour assurer le progr\u00e8s.<\/li>\n<li><strong>Suivi et Ajustements<\/strong> : Nous \u00e9valuons les r\u00e9sultats et ajustons l\u2019approche pour garantir l\u2019atteinte des objectifs et une croissance durable.<\/li>\n<\/ol>\n<h3>Qui peut b\u00e9n\u00e9ficier de ces services ?<\/h3>\n<ul>\n<li><strong>Individus en qu\u00eate de croissance personnelle<\/strong> : Professionnels cherchant \u00e0 am\u00e9liorer leurs comp\u00e9tences et \u00e0 progresser dans leur carri\u00e8re.<\/li>\n<li><strong>\u00c9quipes recherchant une meilleure coh\u00e9sion<\/strong> : Groupes ayant besoin de travailler ensemble de mani\u00e8re plus efficace et de renforcer leur collaboration.<\/li>\n<li><strong>Leaders \u00e9mergents ou exp\u00e9riment\u00e9s<\/strong> : Personnes en position de leadership voulant d\u00e9velopper des comp\u00e9tences strat\u00e9giques et communicatives.<\/li>\n<li><strong>Organisations souhaitant d\u00e9velopper leur talent interne<\/strong> : Entreprises cherchant \u00e0 optimiser la performance de leurs employ\u00e9s et \u00e0 am\u00e9liorer la culture organisationnelle.<\/li>\n<\/ul>\n\t\t<\/div>\n\t\t\t\t\t<\/div>\n\n\t\n<\/div>\n\t\t<\/div>\n\n\t\t\n<style>\n#section_639263450 {\n  padding-top: 40px;\n  padding-bottom: 40px;\n  background-color: rgba(23, 181, 176, 0.326);\n}\n@media (min-width:550px) {\n  #section_639263450 {\n    padding-top: 70px;\n    padding-bottom: 70px;\n  }\n}\n<\/style>\n\t<\/section>\n\t\n<span class=\"scroll-to\" data-label=\"Scroll to: #organizaciones\" data-bullet=\"false\" data-link=\"#organizaciones\" data-title=\"organizaciones\"><a name=\"organizaciones\"><\/a><\/span>\n\n\t<section class=\"section\" id=\"section_351632546\">\n\t\t<div class=\"section-bg fill\" >\n\t\t\t\t\t\t\t\t\t\n\t\t\t\n\n\t\t<\/div>\n\n\t\t\n\n\t\t<div class=\"section-content relative\">\n\t\t\t\n<div class=\"row\"  id=\"row-447306998\">\n\n\t<div id=\"col-1590719035\" class=\"col small-12 large-12\"  >\n\t\t\t\t<div class=\"col-inner\"  >\n\t\t\t\n\t\t\t\n\t<div id=\"text-3046565543\" class=\"text\">\n\t\t\n<h3 style=\"font-size: 300%;\">Programmes sur mesure<\/h3>\n\t\t\n<style>\n#text-3046565543 {\n  font-size: 1rem;\n  color: #ff66c4;\n}\n#text-3046565543 > * {\n  color: #ff66c4;\n}\n<\/style>\n\t<\/div>\n\t\n<p>Je propose une gamme de services con\u00e7us pour couvrir toutes les dimensions critiques du d\u00e9veloppement humain au sein de ton organisation :<\/p>\n\t\t<\/div>\n\t\t\t\t\t<\/div>\n\n\t\n\n\t<div id=\"col-67166829\" class=\"col medium-6 small-12 large-6\"  >\n\t\t\t\t<div class=\"col-inner\"  >\n\t\t\t\n\t\t\t\n<h3>1. Programmes de Coaching Ex\u00e9cutif<\/h3>\n<p>J\u2019aide les leaders de ton organisation \u00e0 d\u00e9velopper des comp\u00e9tences en leadership, communication et prise de d\u00e9cision efficace gr\u00e2ce \u00e0 des programmes de coaching <strong>enti\u00e8rement personnalis\u00e9s<\/strong>.<\/p>\n<h3>2. Ateliers de Croissance et D\u00e9veloppement<\/h3>\n<p>Mes ateliers sont con\u00e7us pour favoriser la <strong>croissance personnelle et professionnelle<\/strong>, en cr\u00e9ant un environnement de travail o\u00f9 l\u2019innovation et la cr\u00e9ativit\u00e9 prosp\u00e8rent. De l\u2019intelligence \u00e9motionnelle \u00e0 la gestion du changement, j\u2019offre des formations ayant un impact concret. <\/p>\n<h3>3. Cr\u00e9ation d\u2019\u00c9quipes de Haute Performance<\/h3>\n<p>Je mets en \u0153uvre des techniques de <strong>team building<\/strong> qui renforcent la coh\u00e9sion d&rsquo;\u00e9quipe et am\u00e9liorent la collaboration. Des programmes interactifs et dynamiques qui motivent et renforcent la confiance au sein de votre \u00e9quipe. <\/p>\n\t\t<\/div>\n\t\t\t\t\t<\/div>\n\n\t\n\n\t<div id=\"col-1823165387\" class=\"col medium-6 small-12 large-6\"  >\n\t\t\t\t<div class=\"col-inner\"  >\n\t\t\t\n\t\t\t\n<h3>Comment \u00e7a fonctionne ?<\/h3>\n<ol>\n<li><strong>Consultation Initiale<\/strong> : Nous travaillons d\u2019abord \u00e0 identifier tes besoins sp\u00e9cifiques et nous \u00e9laborons une strat\u00e9gie align\u00e9e sur les objectifs de ton organisation.<\/li>\n<li><strong>Mise en \u0153uvre<\/strong> : Je d\u00e9veloppe et mets en place des programmes de formation et de d\u00e9veloppement efficaces, adapt\u00e9s \u00e0 ton \u00e9quipe.<\/li>\n<li><strong>Suivi et \u00c9valuation<\/strong> : Nous mesurons les r\u00e9sultats et l\u2019impact du d\u00e9veloppement des talents pour garantir une am\u00e9lioration continue et durable.<\/li>\n<\/ol>\n<h3>Qui peut b\u00e9n\u00e9ficier de ces services ?<\/h3>\n<ul>\n<li><strong>Entreprises en croissance<\/strong> souhaitant optimiser les talents de leur \u00e9quipe.<\/li>\n<li><strong>Organisations cherchant \u00e0 am\u00e9liorer la culture de travail<\/strong> et r\u00e9duire la rotation du personnel.<\/li>\n<li><strong>\u00c9quipes de leadership<\/strong> voulant d\u00e9velopper des comp\u00e9tences strat\u00e9giques et en communication.<\/li>\n<li><strong>Professionnels <\/strong>d\u00e9sirant am\u00e9liorer leurs performances et progresser dans leur carri\u00e8re.<\/li>\n<\/ul>\n\t\t<\/div>\n\t\t\t\t\t<\/div>\n\n\t\n<\/div>\n\t\t<\/div>\n\n\t\t\n<style>\n#section_351632546 {\n  padding-top: 40px;\n  padding-bottom: 40px;\n}\n@media (min-width:550px) {\n  #section_351632546 {\n    padding-top: 70px;\n    padding-bottom: 70px;\n  }\n}\n<\/style>\n\t<\/section>\n\t\n\n\t<section class=\"section\" id=\"section_1734402477\">\n\t\t<div class=\"section-bg fill\" >\n\t\t\t<img decoding=\"async\" src=\"https:\/\/joanacoach.com\/wp-content\/uploads\/animated_wave_top_aligned.svg\" class=\"bg attachment- size-\" alt=\"Animated Wave Top Aligned\" \/>\t\t\t\t\t\t\n\t\t\t\n\n\t\t<\/div>\n\n\t\t\n\n\t\t<div class=\"section-content relative\">\n\t\t\t\r\n\r\n<div class=\"row\"  id=\"row-1811025452\">\r\n\r\n\n\t<div id=\"col-895702195\" class=\"col small-12 large-12\"  >\n\t\t\t\t<div class=\"col-inner text-center\"  >\n\t\t\t\n\t\t\t\r\n\r\n\n\t\t<div class=\"icon-box featured-box circle icon-box-center text-center\"  >\n\t\t\t\t\t<div class=\"icon-box-img\" style=\"width: 100px\">\n\t\t\t\t<div class=\"icon\">\n\t\t\t\t\t<div class=\"icon-inner\" >\n\t\t\t\t\t\t<img loading=\"lazy\" decoding=\"async\" width=\"200\" height=\"300\" src=\"https:\/\/joanacoach.com\/wp-content\/uploads\/Joana-Videgain_Solo-un-instante-Photography-027-200x300.jpg\" class=\"attachment-medium size-medium\" alt=\"Joana Videgain Solo Un Instante Photography 027\" srcset=\"https:\/\/joanacoach.com\/wp-content\/uploads\/Joana-Videgain_Solo-un-instante-Photography-027-200x300.jpg 200w, https:\/\/joanacoach.com\/wp-content\/uploads\/Joana-Videgain_Solo-un-instante-Photography-027-683x1024.jpg 683w, https:\/\/joanacoach.com\/wp-content\/uploads\/Joana-Videgain_Solo-un-instante-Photography-027-768x1151.jpg 768w, https:\/\/joanacoach.com\/wp-content\/uploads\/Joana-Videgain_Solo-un-instante-Photography-027-1025x1536.jpg 1025w, https:\/\/joanacoach.com\/wp-content\/uploads\/Joana-Videgain_Solo-un-instante-Photography-027-1366x2048.jpg 1366w, https:\/\/joanacoach.com\/wp-content\/uploads\/Joana-Videgain_Solo-un-instante-Photography-027-scaled.jpg 1708w\" sizes=\"auto, (max-width: 200px) 100vw, 200px\" \/>\t\t\t\t\t<\/div>\n\t\t\t\t<\/div>\n\t\t\t<\/div>\n\t\t\t\t<div class=\"icon-box-text last-reset\">\n\t\t\t\t\t\t\t\t\t\r\n\r\n<h2>Je t'aide \u00e0 transformer tes d\u00e9fis en opportunit\u00e9s, on en parle ?<\/h2>\r\n\t<div id=\"text-570020565\" class=\"text\">\n\t\t\r\n\r\n<h3>R\u00e9serve 30 minutes pour co-cr\u00e9er un plan sur mesure.<\/h3>\r\n\t\t\n<style>\n#text-570020565 {\n  color: rgb(0,0,0);\n}\n#text-570020565 > * {\n  color: rgb(0,0,0);\n}\n<\/style>\n\t<\/div>\n\t\r\n\r\n\t\t<\/div>\n\t<\/div>\n\t\n\t\r\n\t<div id=\"gap-53246036\" class=\"gap-element clearfix\" style=\"display:block; height:auto;\">\n\t\t\n<style>\n#gap-53246036 {\n  padding-top: 20px;\n}\n<\/style>\n\t<\/div>\n\t\r\n\r\n<a data-animate=\"flipInY\" href=\"https:\/\/calendar.app.google\/L7KFGVqEt8gQ3VPP9\" target=\"_blank\" class=\"button white\" rel=\"noopener\" style=\"border-radius:4px;\">\n\t\t<span>Contacte-moi<\/span>\n\t<\/a>\n\r\n\r\n\r\n\t\t<\/div>\n\t\t\t\t\n<style>\n#col-895702195 > .col-inner {\n  margin: -80px 0px 0px 0px;\n}\n<\/style>\n\t<\/div>\n\n\t\r\n\r\n<\/div>\r\n\t<div id=\"gap-368658581\" class=\"gap-element clearfix\" style=\"display:block; height:auto;\">\n\t\t\n<style>\n#gap-368658581 {\n  padding-top: 30px;\n}\n<\/style>\n\t<\/div>\n\t\r\n\r\n\r\n\t\t<\/div>\n\n\t\t\n<style>\n#section_1734402477 {\n  padding-top: 30px;\n  padding-bottom: 30px;\n  background-color: rgb(232, 248, 245);\n}\n<\/style>\n\t<\/section>\n\t\n","protected":false},"excerpt":{"rendered":"","protected":false},"author":1,"featured_media":0,"parent":0,"menu_order":0,"comment_status":"closed","ping_status":"closed","template":"page-blank.php","meta":{"footnotes":""},"class_list":["post-1491","page","type-page","status-publish","hentry"],"_links":{"self":[{"href":"https:\/\/joanacoach.com\/fr\/wp-json\/wp\/v2\/pages\/1491","targetHints":{"allow":["GET"]}}],"collection":[{"href":"https:\/\/joanacoach.com\/fr\/wp-json\/wp\/v2\/pages"}],"about":[{"href":"https:\/\/joanacoach.com\/fr\/wp-json\/wp\/v2\/types\/page"}],"author":[{"embeddable":true,"href":"https:\/\/joanacoach.com\/fr\/wp-json\/wp\/v2\/users\/1"}],"replies":[{"embeddable":true,"href":"https:\/\/joanacoach.com\/fr\/wp-json\/wp\/v2\/comments?post=1491"}],"version-history":[{"count":5,"href":"https:\/\/joanacoach.com\/fr\/wp-json\/wp\/v2\/pages\/1491\/revisions"}],"predecessor-version":[{"id":1628,"href":"https:\/\/joanacoach.com\/fr\/wp-json\/wp\/v2\/pages\/1491\/revisions\/1628"}],"wp:attachment":[{"href":"https:\/\/joanacoach.com\/fr\/wp-json\/wp\/v2\/media?parent=1491"}],"curies":[{"name":"wp","href":"https:\/\/api.w.org\/{rel}","templated":true}]}}