{"id":1418,"date":"2024-08-09T10:03:38","date_gmt":"2024-08-09T08:03:38","guid":{"rendered":"https:\/\/joanacoach.com\/coaching\/"},"modified":"2025-02-05T16:22:08","modified_gmt":"2025-02-05T15:22:08","slug":"coaching","status":"publish","type":"page","link":"https:\/\/joanacoach.com\/fr\/coaching\/","title":{"rendered":"Coaching"},"content":{"rendered":"\n\t<section class=\"section\" id=\"section_870868235\">\n\t\t<div class=\"section-bg fill\" >\n\t\t\t\t\t\t\t\t\t\n\t\t\t\n\n\t\t<\/div>\n\n\t\t\n\n\t\t<div class=\"section-content relative\">\n\t\t\t\n<div class=\"row row-large align-equal\"  id=\"row-695678108\">\n\n\t<div id=\"col-1582958692\" class=\"col medium-6 small-12 large-6\"  >\n\t\t\t\t<div class=\"col-inner\"  >\n\t\t\t\n\t\t\t\n<span><span><a href=\"https:\/\/joanacoach.com\/fr\/\">Joana Videgain Coaching<\/a><\/span><\/span>\n\t\t<\/div>\n\t\t\t\t\t<\/div>\n\n\t\n<\/div>\n\t\t<\/div>\n\n\t\t\n<style>\n#section_870868235 {\n  padding-top: 50px;\n  padding-bottom: 50px;\n}\n<\/style>\n\t<\/section>\n\t\n\n\t<section class=\"section\" id=\"section_1777289523\">\n\t\t<div class=\"section-bg fill\" >\n\t\t\t\t\t\t\t\t\t\n\t\t\t\n\n\t\t<\/div>\n\n\t\t\n\n\t\t<div class=\"section-content relative\">\n\t\t\t\n<div class=\"row align-middle\"  id=\"row-1417203778\">\n\n\t<div id=\"col-85713462\" class=\"col medium-12 small-12 large-5\"  data-animate=\"bounceInLeft\">\n\t\t\t\t<div class=\"col-inner\"  >\n\t\t\t\n\t\t\t\n<h1>Coaching<\/h1>\n\t<div id=\"text-420060048\" class=\"text\">\n\t\t\n<h2>Pr\u00eat(e) pour un changement dans ta vie ?<\/h2>\n\t\t\n<style>\n#text-420060048 {\n  color: #ff66c4;\n}\n#text-420060048 > * {\n  color: #ff66c4;\n}\n<\/style>\n\t<\/div>\n\t\n<p>Si tu sens qu\u2019il y a quelque chose de plus pour toi, mais que tu ne sais pas par o\u00f9 commencer, <strong>tu es au bon endroit<\/strong>. Mon approche de coaching personnalis\u00e9e est con\u00e7ue pour t\u2019aider \u00e0 : <\/p>\n<ul>\n<li><strong>Clarifier ta vision et tes objectifs (d\u00e9finir tes sommets)<\/strong><\/li>\n<li><strong>Briser les barri\u00e8res \u00e9motionnelles et mentales<\/strong> qui te freinent (transformer les obstacles) <\/li>\n<li><strong>\u00c9laborer un plan strat\u00e9gique<\/strong> et concret pour r\u00e9ussir<\/li>\n<li><strong>Augmenter ta confiance<\/strong> et ta capacit\u00e9 \u00e0 prendre des d\u00e9cisions importantes<\/li>\n<li><strong>Maintenir un \u00e9quilibre sain entre ta vie personnelle et professionnelle.<\/strong><\/li>\n<\/ul>\n<a data-animate=\"fadeInDown\" href=\"https:\/\/joanacoach.com\/fr\/contact\/\" target=\"_blank\" class=\"button primary is-outline\" rel=\"noopener\" style=\"border-radius:4px;\">\n\t\t<span>Contacte-moi<\/span>\n\t<\/a>\n\n\t\t<\/div>\n\t\t\t\t\n<style>\n#col-85713462 > .col-inner {\n  padding: 20px 0px 0px 0px;\n}\n<\/style>\n\t<\/div>\n\n\t\n\n\t<div id=\"col-1163008591\" class=\"col medium-12 small-12 large-7\"  >\n\t\t\t\t<div class=\"col-inner\"  >\n\t\t\t\n\t\t\t\n\n  <div class=\"banner has-hover\" id=\"banner-1940737679\">\n          <div class=\"banner-inner fill\">\n        <div class=\"banner-bg fill\" >\n            <img loading=\"lazy\" decoding=\"async\" width=\"1\" height=\"1\" src=\"https:\/\/joanacoach.com\/wp-content\/uploads\/montana.svg\" class=\"bg attachment-large size-large\" alt=\"Monta\u00f1a\" \/>                                    \n                    <\/div>\n\t\t\n        <div class=\"banner-layers container\">\n            <div class=\"fill banner-link\"><\/div>            \n        <\/div>\n      <\/div>\n\n            \n<style>\n#banner-1940737679 {\n  padding-top: 500px;\n  background-color: rgb(255,255,255);\n}\n<\/style>\n  <\/div>\n\n\n\t\t<\/div>\n\t\t\t\t\n<style>\n#col-1163008591 > .col-inner {\n  padding: 20px 0px 0px 0px;\n}\n<\/style>\n\t<\/div>\n\n\t\n<\/div>\n\t\t<\/div>\n\n\t\t\n<style>\n#section_1777289523 {\n  padding-top: 0px;\n  padding-bottom: 0px;\n  background-color: rgb(255,255,255);\n}\n<\/style>\n\t<\/section>\n\t\n\n\t<section class=\"section\" id=\"section_206384688\">\n\t\t<div class=\"section-bg fill\" >\n\t\t\t\t\t\t\t\t\t\n\t\t\t\n\n\t\t<\/div>\n\n\t\t\t<div class=\"ux-shape-divider ux-shape-divider--top ux-shape-divider--style-curve-opacity\">\n\t\t<svg viewBox=\"0 0 1000 100\" xmlns=\"http:\/\/www.w3.org\/2000\/svg\" preserveAspectRatio=\"none\">\n\t\t<path class=\"ux-shape-fill\" opacity=\"0.15\" d=\"M0 14C0 14 88.64 17.48 300 50C560 90 814 77 1003 40L1015 68L1018 104H0V14Z\"\/>\n\t\t<path class=\"ux-shape-fill\" opacity=\"0.3\" d=\"M0 45C0 45 271 90.13 500 77C657 68 830 30 1015 14V100H0V45Z\"\/>\n\t\t<path class=\"ux-shape-fill\" d=\"M0 58C0 58 188.29 90 508 90C798 90 1002 55 1002 55V100H0V58Z\"\/>\n<\/svg>\n\t<\/div>\n\n\n\t\t<div class=\"section-content relative\">\n\t\t\t\n<div class=\"row align-center\"  id=\"row-636051241\">\n\n\t<div id=\"col-1774430436\" class=\"col medium-9 small-12 large-9\"  data-animate=\"bounceInLeft\">\n\t\t\t\t<div class=\"col-inner\"  >\n\t\t\t\n\t\t\t\n\t<div id=\"text-1933454248\" class=\"text\">\n\t\t\n<h2>Pour qui est fait le coaching ?<\/h2>\n<ul>\n<li><strong>Quiconque <\/strong>souhaitant progresser dans leur carri\u00e8re, changer de direction ou atteindre de nouveaux niveaux de succ\u00e8s.<\/li>\n<li><strong>Entrepreneurs et leaders<\/strong> en qu\u00eate de clart\u00e9, de direction et de strat\u00e9gies efficaces pour grandir.<\/li>\n<li><strong>Personnes confront\u00e9es \u00e0 des changements importants dans leur vie<\/strong>, comme une nouvelle \u00e9tape, un changement de carri\u00e8re ou une recherche de sens.<\/li>\n<li><strong>Toute personne souhaitant am\u00e9liorer son bien-\u00eatre \u00e9motionnel <\/strong>et trouver un \u00e9quilibre entre le succ\u00e8s et la satisfaction personnelle.<\/li>\n<\/ul>\n<h2>Pourquoi me choisir comme coach ?<\/h2>\n<p>En tant que coach certifi\u00e9e avec des ann\u00e9es d\u2019exp\u00e9rience, j\u2019ai aid\u00e9 des centaines de personnes \u00e0 transformer leur vie. <strong>Je te guiderai avec empathie et pragmatisme vers tes objectifs<\/strong>. Il ne s\u2019agit pas seulement de motivation ; il s\u2019agit de r\u00e9sultats concrets et mesurables qui auront un impact positif et durable dans ta vie. <\/p>\n<h2>Comment \u00e7a fonctionne ?<\/h2>\n<ol>\n<li><strong>Premi\u00e8re session d\u00e9couverte gratuite de 30 minutes<\/strong> : Ensemble, nous analyserons tes objectifs, tes d\u00e9fis, et d\u00e9terminerons si le coaching est adapt\u00e9 pour toi.<\/li>\n<li><strong>Programme personnalis\u00e9<\/strong> : Chaque session sera con\u00e7ue sp\u00e9cifiquement pour toi, align\u00e9e avec tes objectifs et ta situation.<\/li>\n<li><strong>Suivi continu<\/strong> : Je te fournirai des outils pratiques et des ressources, en plus d\u2019un soutien constant pour te garder sur la voie de la r\u00e9ussite.<\/li>\n<\/ol>\n\t\t\n<style>\n#text-1933454248 {\n  color: rgb(255,255,255);\n}\n#text-1933454248 > * {\n  color: rgb(255,255,255);\n}\n<\/style>\n\t<\/div>\n\t\n\t\t<\/div>\n\t\t\t\t\t<\/div>\n\n\t\n\n<style>\n#row-636051241 > .col > .col-inner {\n  padding: 100px 0px 0px 0px;\n}\n<\/style>\n<\/div>\n\t\t<\/div>\n\n\t\t\n<style>\n#section_206384688 {\n  padding-top: 0px;\n  padding-bottom: 0px;\n  background-color: #17b5b0;\n}\n#section_206384688 .ux-shape-divider--top svg {\n  height: 75px;\n  --divider-top-width: 100%;\n}\n<\/style>\n\t<\/section>\n\t\n\n\t<section class=\"section\" id=\"section_1805296621\">\n\t\t<div class=\"section-bg fill\" >\n\t\t\t\t\t\t\t\t\t\n\t\t\t\n\n\t\t<\/div>\n\n\t\t\n\n\t\t<div class=\"section-content relative\">\n\t\t\t\n<div class=\"row align-middle\"  id=\"row-1975835135\">\n\n\t<div id=\"col-1613100465\" class=\"col medium-8 small-12 large-7\"  >\n\t\t\t\t<div class=\"col-inner\"  >\n\t\t\t\n\t\t\t\n<h3>Autres excellentes raisons de commencer un coaching :<\/h3>\n<ul>\n<li>Tu te sens bloqu\u00e9(e) dans ta situation actuelle. Tu voudrais progresser ou changer et tu ne sais pas comment. <\/li>\n<li>Doutes sur ta valeur sur le march\u00e9. Tu crains de ne pas savoir te vendre. <\/li>\n<li>R\u00e9ussir ton int\u00e9gration dans un nouveau poste en 100 jours.<\/li>\n<li>D\u00e9velopper tes talents de manager ou de leader.<\/li>\n<li>Pr\u00e9parer de grands changements dans ton travail ou ta vie.<\/li>\n<li>Influencer pour construire une culture d\u2019entreprise avec du sens.<\/li>\n<\/ul>\n\t\t<\/div>\n\t\t\t\t\n<style>\n#col-1613100465 > .col-inner {\n  padding: 20px 0px 0px 0px;\n}\n<\/style>\n\t<\/div>\n\n\t\n\n\t<div id=\"col-1629781236\" class=\"col medium-4 small-12 large-4\"  >\n\t\t\t\t<div class=\"col-inner\"  >\n\t\t\t\n\t\t\t\n\t<div class=\"img has-hover x md-x lg-x y md-y lg-y\" id=\"image_858177780\">\n\t\t\t\t\t\t\t\t<div class=\"img-inner dark\" >\n\t\t\t<img loading=\"lazy\" decoding=\"async\" width=\"1020\" height=\"681\" src=\"https:\/\/joanacoach.com\/wp-content\/uploads\/quienes-buscan-coaching-1-1-1024x684.jpg\" class=\"attachment-large size-large\" alt=\"White Cubes With Coaching Inscription On White Desk\" srcset=\"https:\/\/joanacoach.com\/wp-content\/uploads\/quienes-buscan-coaching-1-1-1024x684.jpg 1024w, https:\/\/joanacoach.com\/wp-content\/uploads\/quienes-buscan-coaching-1-1-750x501.jpg 750w, https:\/\/joanacoach.com\/wp-content\/uploads\/quienes-buscan-coaching-1-1-768x513.jpg 768w, https:\/\/joanacoach.com\/wp-content\/uploads\/quienes-buscan-coaching-1-1.jpg 1200w\" sizes=\"auto, (max-width: 1020px) 100vw, 1020px\" \/>\t\t\t\t\t\t\n\t\t\t\t\t<\/div>\n\t\t\t\t\t\t\t\t\n<style>\n#image_858177780 {\n  width: 100%;\n}\n<\/style>\n\t<\/div>\n\t\n\t\t<\/div>\n\t\t\t\t\t<\/div>\n\n\t\n<\/div>\n<div class=\"row align-middle\"  id=\"row-1409440045\">\n\n\t<div id=\"col-1599770474\" class=\"col medium-8 small-12 large-11\"  data-animate=\"bounceInLeft\">\n\t\t\t\t<div class=\"col-inner\"  >\n\t\t\t\n\t\t\t\n\t<div id=\"text-3999440062\" class=\"text\">\n\t\t\n<h2>Ta transformation commence maintenant !<\/h2>\n\t\t\n<style>\n#text-3999440062 {\n  color: #ff66c4;\n}\n#text-3999440062 > * {\n  color: #ff66c4;\n}\n<\/style>\n\t<\/div>\n\t\n\t<div id=\"text-1822660737\" class=\"text\">\n\t\t\n<p>N\u2019attends plus. Le changement que tu souhaites est possible. R\u00e9serve ta session d\u00e9couverte gratuite aujourd&rsquo;hui et fais le premier pas vers une vie plus \u00e9panouissante, r\u00e9ussie et satisfaisante.  <\/p>\n\t\t\n<style>\n#text-1822660737 {\n  font-size: 1.2rem;\n}\n<\/style>\n\t<\/div>\n\t\n<a data-animate=\"fadeInDown\" href=\"https:\/\/joanacoach.com\/fr\/contact\/\" target=\"_blank\" class=\"button primary is-outline\" rel=\"noopener\" style=\"border-radius:4px;\">\n\t\t<span>Contacte-moi<\/span>\n\t<\/a>\n\n\t\t<\/div>\n\t\t\t\t\n<style>\n#col-1599770474 > .col-inner {\n  padding: 20px 0px 0px 0px;\n}\n<\/style>\n\t<\/div>\n\n\t\n<\/div>\n\t\t<\/div>\n\n\t\t\n<style>\n#section_1805296621 {\n  padding-top: 0px;\n  padding-bottom: 0px;\n  background-color: rgb(255,255,255);\n}\n<\/style>\n\t<\/section>\n\t\n\n\t<section class=\"section\" id=\"section_1730394260\">\n\t\t<div class=\"section-bg fill\" >\n\t\t\t<img decoding=\"async\" src=\"https:\/\/joanacoach.com\/wp-content\/uploads\/animated_wave_top_aligned.svg\" class=\"bg attachment- size-\" alt=\"Animated Wave Top Aligned\" \/>\t\t\t\t\t\t\n\t\t\t\n\n\t\t<\/div>\n\n\t\t\n\n\t\t<div class=\"section-content relative\">\n\t\t\t\r\n\r\n<div class=\"row\"  id=\"row-402654218\">\r\n\r\n\n\t<div id=\"col-1503599437\" class=\"col small-12 large-12\"  >\n\t\t\t\t<div class=\"col-inner text-center\"  >\n\t\t\t\n\t\t\t\r\n\r\n\n\t\t<div class=\"icon-box featured-box circle icon-box-center text-center\"  >\n\t\t\t\t\t<div class=\"icon-box-img\" style=\"width: 100px\">\n\t\t\t\t<div class=\"icon\">\n\t\t\t\t\t<div class=\"icon-inner\" >\n\t\t\t\t\t\t<img loading=\"lazy\" decoding=\"async\" width=\"200\" height=\"300\" src=\"https:\/\/joanacoach.com\/wp-content\/uploads\/Joana-Videgain_Solo-un-instante-Photography-027-200x300.jpg\" class=\"attachment-medium size-medium\" alt=\"Joana Videgain Solo Un Instante Photography 027\" srcset=\"https:\/\/joanacoach.com\/wp-content\/uploads\/Joana-Videgain_Solo-un-instante-Photography-027-200x300.jpg 200w, https:\/\/joanacoach.com\/wp-content\/uploads\/Joana-Videgain_Solo-un-instante-Photography-027-683x1024.jpg 683w, https:\/\/joanacoach.com\/wp-content\/uploads\/Joana-Videgain_Solo-un-instante-Photography-027-768x1151.jpg 768w, https:\/\/joanacoach.com\/wp-content\/uploads\/Joana-Videgain_Solo-un-instante-Photography-027-1025x1536.jpg 1025w, https:\/\/joanacoach.com\/wp-content\/uploads\/Joana-Videgain_Solo-un-instante-Photography-027-1366x2048.jpg 1366w, https:\/\/joanacoach.com\/wp-content\/uploads\/Joana-Videgain_Solo-un-instante-Photography-027-scaled.jpg 1708w\" sizes=\"auto, (max-width: 200px) 100vw, 200px\" \/>\t\t\t\t\t<\/div>\n\t\t\t\t<\/div>\n\t\t\t<\/div>\n\t\t\t\t<div class=\"icon-box-text last-reset\">\n\t\t\t\t\t\t\t\t\t\r\n\r\n<h2>Je t'aide \u00e0 transformer tes d\u00e9fis en opportunit\u00e9s, on en parle ?<\/h2>\r\n\t<div id=\"text-110965796\" class=\"text\">\n\t\t\r\n\r\n<h3>R\u00e9serve 30 minutes pour co-cr\u00e9er un plan sur mesure.<\/h3>\r\n\t\t\n<style>\n#text-110965796 {\n  color: rgb(0,0,0);\n}\n#text-110965796 > * {\n  color: rgb(0,0,0);\n}\n<\/style>\n\t<\/div>\n\t\r\n\r\n\t\t<\/div>\n\t<\/div>\n\t\n\t\r\n\t<div id=\"gap-680786957\" class=\"gap-element clearfix\" style=\"display:block; height:auto;\">\n\t\t\n<style>\n#gap-680786957 {\n  padding-top: 20px;\n}\n<\/style>\n\t<\/div>\n\t\r\n\r\n<a data-animate=\"flipInY\" href=\"https:\/\/calendar.app.google\/L7KFGVqEt8gQ3VPP9\" target=\"_blank\" class=\"button white\" rel=\"noopener\" style=\"border-radius:4px;\">\n\t\t<span>Contacte-moi<\/span>\n\t<\/a>\n\r\n\r\n\r\n\t\t<\/div>\n\t\t\t\t\n<style>\n#col-1503599437 > .col-inner {\n  margin: -80px 0px 0px 0px;\n}\n<\/style>\n\t<\/div>\n\n\t\r\n\r\n<\/div>\r\n\t<div id=\"gap-835145111\" class=\"gap-element clearfix\" style=\"display:block; height:auto;\">\n\t\t\n<style>\n#gap-835145111 {\n  padding-top: 30px;\n}\n<\/style>\n\t<\/div>\n\t\r\n\r\n\r\n\t\t<\/div>\n\n\t\t\n<style>\n#section_1730394260 {\n  padding-top: 30px;\n  padding-bottom: 30px;\n  background-color: rgb(232, 248, 245);\n}\n<\/style>\n\t<\/section>\n\t\n","protected":false},"excerpt":{"rendered":"","protected":false},"author":1,"featured_media":0,"parent":0,"menu_order":0,"comment_status":"closed","ping_status":"closed","template":"page-blank.php","meta":{"footnotes":""},"class_list":["post-1418","page","type-page","status-publish","hentry"],"_links":{"self":[{"href":"https:\/\/joanacoach.com\/fr\/wp-json\/wp\/v2\/pages\/1418","targetHints":{"allow":["GET"]}}],"collection":[{"href":"https:\/\/joanacoach.com\/fr\/wp-json\/wp\/v2\/pages"}],"about":[{"href":"https:\/\/joanacoach.com\/fr\/wp-json\/wp\/v2\/types\/page"}],"author":[{"embeddable":true,"href":"https:\/\/joanacoach.com\/fr\/wp-json\/wp\/v2\/users\/1"}],"replies":[{"embeddable":true,"href":"https:\/\/joanacoach.com\/fr\/wp-json\/wp\/v2\/comments?post=1418"}],"version-history":[{"count":4,"href":"https:\/\/joanacoach.com\/fr\/wp-json\/wp\/v2\/pages\/1418\/revisions"}],"predecessor-version":[{"id":1612,"href":"https:\/\/joanacoach.com\/fr\/wp-json\/wp\/v2\/pages\/1418\/revisions\/1612"}],"wp:attachment":[{"href":"https:\/\/joanacoach.com\/fr\/wp-json\/wp\/v2\/media?parent=1418"}],"curies":[{"name":"wp","href":"https:\/\/api.w.org\/{rel}","templated":true}]}}